{"id":5043,"date":"2013-11-14T14:33:35","date_gmt":"2013-11-14T14:33:35","guid":{"rendered":"http:\/\/vistalindahotel.com.br\/novosite2\/?page_id=5043"},"modified":"2013-12-06T23:19:19","modified_gmt":"2013-12-06T23:19:19","slug":"quem-somos","status":"publish","type":"page","link":"https:\/\/vistalindahotel.com.br\/novosite2\/?page_id=5043","title":{"rendered":"Quem Somos"},"content":{"rendered":"<div id='layer_slider_1' class='avia-layerslider main_color avia-shadow  avia-builder-el-0  el_before_av_textblock  avia-builder-el-first  container_wrap sidebar_right' style='  height: 151px;' ><\/div><div id='after_layer_slider_1' class='main_color av_default_container_wrap container_wrap sidebar_right' style=' '  ><div class='container' ><div class='template-page content  av-content-small alpha units'><div class='post-entry post-entry-type-page post-entry-5043'><div class='entry-content-wrapper clearfix'>\n<section class=\"av_textblock_section \"  itemscope=\"itemscope\" itemtype=\"https:\/\/schema.org\/CreativeWork\" ><div class='avia_textblock  '   itemprop=\"text\" ><p><a href=\"http:\/\/vistalindahotel.com.br\/novosite2\/wp-content\/uploads\/2013\/11\/101105-84-Airton-Soares.jpg\"><img loading=\"lazy\" class=\"alignnone size-medium wp-image-5048\" alt=\"Vista Linda Hotel - Itati\u00e1ia\" src=\"http:\/\/vistalindahotel.com.br\/novosite2\/wp-content\/uploads\/2013\/11\/101105-84-Airton-Soares-300x300.jpg\" width=\"300\" height=\"300\" srcset=\"https:\/\/vistalindahotel.com.br\/novosite2\/wp-content\/uploads\/2013\/11\/101105-84-Airton-Soares-300x300.jpg 300w, https:\/\/vistalindahotel.com.br\/novosite2\/wp-content\/uploads\/2013\/11\/101105-84-Airton-Soares-150x150.jpg 150w, https:\/\/vistalindahotel.com.br\/novosite2\/wp-content\/uploads\/2013\/11\/101105-84-Airton-Soares-1024x1024.jpg 1024w\" sizes=\"(max-width: 300px) 100vw, 300px\" \/><\/a><\/p>\n<p>Agora com nova Dire\u00e7\u00e3o!<br \/>\nO lugar ideal para momentos inesquec\u00edveis Assim \u00e9 o Vista Linda Hotel. Localizado em meio \u00e0 mata preservada do Parque Nacional de Itati\u00e1ia, a aproximadamente 1000 metros de altitude, o Vista Linda Hotel \u00e9 um lugar encantador para voc\u00ea passar relaxar, aproveitando a fauna e a flora.<br \/>\nNosso h\u00f3spede poder\u00e1 fotografar nossos visitantes ilustres, macacos e diversas esp\u00e9cies de p\u00e1ssaros que vem nos visitar com frequ\u00eancia.<br \/>\nO Vista Linda conta com uma piscina, sal\u00e3o de jogos, sauna, campo de futebol, restaurante com vista panor\u00e2mica, chal\u00e9s sem e com lareira, hidromassagem, camas de casal e individual e muito mais.<br \/>\nNosso restaurante tem op\u00e7\u00f5es para vegetarianos, veganos e cel\u00edacos, al\u00e9m da tradicional comida brasileira.<br \/>\nN\u00e3o perca tempo e venha passar momentos maravilhosos no Vista Linda Hotel.<\/p>\n<\/div><\/section>\n","protected":false},"excerpt":{"rendered":"","protected":false},"author":1,"featured_media":0,"parent":0,"menu_order":0,"comment_status":"closed","ping_status":"closed","template":"","meta":[],"_links":{"self":[{"href":"https:\/\/vistalindahotel.com.br\/novosite2\/index.php?rest_route=\/wp\/v2\/pages\/5043"}],"collection":[{"href":"https:\/\/vistalindahotel.com.br\/novosite2\/index.php?rest_route=\/wp\/v2\/pages"}],"about":[{"href":"https:\/\/vistalindahotel.com.br\/novosite2\/index.php?rest_route=\/wp\/v2\/types\/page"}],"author":[{"embeddable":true,"href":"https:\/\/vistalindahotel.com.br\/novosite2\/index.php?rest_route=\/wp\/v2\/users\/1"}],"replies":[{"embeddable":true,"href":"https:\/\/vistalindahotel.com.br\/novosite2\/index.php?rest_route=%2Fwp%2Fv2%2Fcomments&post=5043"}],"version-history":[{"count":8,"href":"https:\/\/vistalindahotel.com.br\/novosite2\/index.php?rest_route=\/wp\/v2\/pages\/5043\/revisions"}],"predecessor-version":[{"id":5429,"href":"https:\/\/vistalindahotel.com.br\/novosite2\/index.php?rest_route=\/wp\/v2\/pages\/5043\/revisions\/5429"}],"wp:attachment":[{"href":"https:\/\/vistalindahotel.com.br\/novosite2\/index.php?rest_route=%2Fwp%2Fv2%2Fmedia&parent=5043"}],"curies":[{"name":"wp","href":"https:\/\/api.w.org\/{rel}","templated":true}]}}