{"id":5056,"date":"2013-11-14T16:49:38","date_gmt":"2013-11-14T16:49:38","guid":{"rendered":"http:\/\/vistalindahotel.com.br\/novosite2\/?page_id=5056"},"modified":"2023-02-28T10:47:55","modified_gmt":"2023-02-28T10:47:55","slug":"eventos","status":"publish","type":"page","link":"https:\/\/vistalindahotel.com.br\/novosite2\/?page_id=5056","title":{"rendered":"Eventos"},"content":{"rendered":"<div id='layer_slider_1' class='avia-layerslider main_color avia-shadow  avia-builder-el-0  el_before_av_textblock  avia-builder-el-first  container_wrap sidebar_right' style='  height: 151px;' ><\/div><div id='after_layer_slider_1' class='main_color av_default_container_wrap container_wrap sidebar_right' style=' '  ><div class='container' ><div class='template-page content  av-content-small alpha units'><div class='post-entry post-entry-type-page post-entry-5056'><div class='entry-content-wrapper clearfix'>\n<section class=\"av_textblock_section \"  itemscope=\"itemscope\" itemtype=\"https:\/\/schema.org\/CreativeWork\" ><div class='avia_textblock  '   itemprop=\"text\" ><p><a href=\"http:\/\/vistalindahotel.com.br\/novosite2\/wp-content\/uploads\/2013\/11\/flyerok.jpg\"><img loading=\"lazy\" class=\"alignnone size-full wp-image-5059\" src=\"http:\/\/vistalindahotel.com.br\/novosite2\/wp-content\/uploads\/2013\/11\/flyerok.jpg\" alt=\"flyerok\" width=\"592\" height=\"394\" \/><\/a><\/p>\n<p>Pacote de Casamento<br \/>\nR$ 14.200,00<\/p>\n<p>incluindo servi\u00e7os para 50 pessoas<br \/>\ncocktail |prato principal | almo\u00e7o |<br \/>\nsobremesa | bebidas (refrigerante,<br \/>\n\u00e1gua mineral, suco ) |decora\u00e7\u00e3o das mesas |<br \/>\ndecora\u00e7\u00e3o da mesa do bolo | bolo para foto |<br \/>\nbolo para corte | 02 dias de hospedagem em<br \/>\nchalet standard de Lua de Mel.<\/p>\n<\/div><\/section>\n","protected":false},"excerpt":{"rendered":"","protected":false},"author":1,"featured_media":0,"parent":0,"menu_order":0,"comment_status":"closed","ping_status":"closed","template":"","meta":[],"_links":{"self":[{"href":"https:\/\/vistalindahotel.com.br\/novosite2\/index.php?rest_route=\/wp\/v2\/pages\/5056"}],"collection":[{"href":"https:\/\/vistalindahotel.com.br\/novosite2\/index.php?rest_route=\/wp\/v2\/pages"}],"about":[{"href":"https:\/\/vistalindahotel.com.br\/novosite2\/index.php?rest_route=\/wp\/v2\/types\/page"}],"author":[{"embeddable":true,"href":"https:\/\/vistalindahotel.com.br\/novosite2\/index.php?rest_route=\/wp\/v2\/users\/1"}],"replies":[{"embeddable":true,"href":"https:\/\/vistalindahotel.com.br\/novosite2\/index.php?rest_route=%2Fwp%2Fv2%2Fcomments&post=5056"}],"version-history":[{"count":3,"href":"https:\/\/vistalindahotel.com.br\/novosite2\/index.php?rest_route=\/wp\/v2\/pages\/5056\/revisions"}],"predecessor-version":[{"id":5588,"href":"https:\/\/vistalindahotel.com.br\/novosite2\/index.php?rest_route=\/wp\/v2\/pages\/5056\/revisions\/5588"}],"wp:attachment":[{"href":"https:\/\/vistalindahotel.com.br\/novosite2\/index.php?rest_route=%2Fwp%2Fv2%2Fmedia&parent=5056"}],"curies":[{"name":"wp","href":"https:\/\/api.w.org\/{rel}","templated":true}]}}