{"id":5349,"date":"2013-11-27T21:34:54","date_gmt":"2013-11-27T21:34:54","guid":{"rendered":"http:\/\/equilibrioalimentar.com.br\/hswordpress\/?page_id=1925"},"modified":"2019-08-26T15:08:57","modified_gmt":"2019-08-26T15:08:57","slug":"home-2","status":"publish","type":"page","link":"https:\/\/vistalindahotel.com.br\/novosite2\/","title":{"rendered":"Home"},"content":{"rendered":"<div id='layer_slider_1' class='avia-layerslider main_color avia-shadow  avia-builder-el-0  el_before_av_one_third  avia-builder-el-first  container_wrap sidebar_right' style='  height: 471px;' ><\/div><div id='after_layer_slider_1' class='main_color av_default_container_wrap container_wrap sidebar_right' style=' '  ><div class='container' ><div class='template-page content  av-content-small alpha units'><div class='post-entry post-entry-type-page post-entry-5349'><div class='entry-content-wrapper clearfix'>\n<div class=\"flex_column av_one_third  flex_column_div first  avia-builder-el-1  el_after_av_layerslider  el_before_av_one_third  avia-builder-el-first  \" ><article class=\"iconbox iconbox_left    avia-builder-el-2  avia-builder-el-no-sibling  \"  itemscope=\"itemscope\" itemtype=\"https:\/\/schema.org\/CreativeWork\" ><div class=\"iconbox_content\"><header class=\"entry-content-header\"><div class=\"iconbox_icon heading-color \" aria-hidden='true' data-av_icon='\ue821' data-av_iconfont='entypo-fontello'  ><\/div><h3 class='iconbox_content_title  '  itemprop=\"headline\"  >Vista Linda<\/h3><\/header><div class='iconbox_content_container  '  itemprop=\"text\"  ><p>Localizado em meio \u00e0 mata preservada do Parque Nacional de Itati\u00e1ia, o Vista Linda Hotel \u00e9 um lugar encantador para voc\u00ea relaxar, aproveitando a fauna e a flora.<\/p>\n<\/div><\/div><footer class=\"entry-footer\"><\/footer><\/article><\/div>\n<div class=\"flex_column av_one_third  flex_column_div   avia-builder-el-3  el_after_av_one_third  el_before_av_one_third  \" ><article class=\"iconbox iconbox_left    avia-builder-el-4  avia-builder-el-no-sibling  \"  itemscope=\"itemscope\" itemtype=\"https:\/\/schema.org\/CreativeWork\" ><div class=\"iconbox_content\"><header class=\"entry-content-header\"><div class=\"iconbox_icon heading-color \" aria-hidden='true' data-av_icon='\ue80e' data-av_iconfont='entypo-fontello'  ><\/div><h3 class='iconbox_content_title  '  itemprop=\"headline\"  >Novidades<\/h3><\/header><div class='iconbox_content_container  '  itemprop=\"text\"  ><p>Al\u00e9m do romantismo j\u00e1 conhecido por muitos, agora o vista linda tamb\u00e9m ser\u00e1 local para encontros empresariais, esportivos e eventos em geral.<\/p>\n<\/div><\/div><footer class=\"entry-footer\"><\/footer><\/article><\/div>\n<div class=\"flex_column av_one_third  flex_column_div   avia-builder-el-5  el_after_av_one_third  el_before_av_textblock  \" ><article class=\"iconbox iconbox_left    avia-builder-el-6  avia-builder-el-no-sibling  \"  itemscope=\"itemscope\" itemtype=\"https:\/\/schema.org\/CreativeWork\" ><div class=\"iconbox_content\"><header class=\"entry-content-header\"><div class=\"iconbox_icon heading-color \" aria-hidden='true' data-av_icon='\ue8f5' data-av_iconfont='entypo-fontello'  ><\/div><h3 class='iconbox_content_title  '  itemprop=\"headline\"  >Rede Social<\/h3><\/header><div class='iconbox_content_container  '  itemprop=\"text\"  ><p>Participe do nosso Facebook e busque dicas, fotos, v\u00eddeos incr\u00edveis sobre o Vista Linda e sua localiza\u00e7\u00e3o. Eventos da cidade e muito mais&#8230;<br \/>\n<a href=\"http:\/\/www.facebook.com\/HotelVistaLinda\" target=\"_blank\" rel=\"noopener noreferrer\">www.facebook.com\/HotelVistaLinda<\/a><\/p>\n<\/div><\/div><footer class=\"entry-footer\"><\/footer><\/article><\/div>\n<section class=\"av_textblock_section \"  itemscope=\"itemscope\" itemtype=\"https:\/\/schema.org\/CreativeWork\" ><div class='avia_textblock  '   itemprop=\"text\" ><p style=\"text-align: center;\">Todos Direitos Reservados \u2013 www.vistalindahotel.com.br | Desenvolvimento e Gerencia Digital: <a href=\"http:\/\/wwwlaomunicacoe.om.br\" target=\"_blank\" rel=\"noopener noreferrer\">LA Comunicacoes.<\/a><\/p>\n<\/div><\/section>\n","protected":false},"excerpt":{"rendered":"","protected":false},"author":1,"featured_media":0,"parent":0,"menu_order":0,"comment_status":"open","ping_status":"open","template":"","meta":[],"_links":{"self":[{"href":"https:\/\/vistalindahotel.com.br\/novosite2\/index.php?rest_route=\/wp\/v2\/pages\/5349"}],"collection":[{"href":"https:\/\/vistalindahotel.com.br\/novosite2\/index.php?rest_route=\/wp\/v2\/pages"}],"about":[{"href":"https:\/\/vistalindahotel.com.br\/novosite2\/index.php?rest_route=\/wp\/v2\/types\/page"}],"author":[{"embeddable":true,"href":"https:\/\/vistalindahotel.com.br\/novosite2\/index.php?rest_route=\/wp\/v2\/users\/1"}],"replies":[{"embeddable":true,"href":"https:\/\/vistalindahotel.com.br\/novosite2\/index.php?rest_route=%2Fwp%2Fv2%2Fcomments&post=5349"}],"version-history":[{"count":7,"href":"https:\/\/vistalindahotel.com.br\/novosite2\/index.php?rest_route=\/wp\/v2\/pages\/5349\/revisions"}],"predecessor-version":[{"id":5556,"href":"https:\/\/vistalindahotel.com.br\/novosite2\/index.php?rest_route=\/wp\/v2\/pages\/5349\/revisions\/5556"}],"wp:attachment":[{"href":"https:\/\/vistalindahotel.com.br\/novosite2\/index.php?rest_route=%2Fwp%2Fv2%2Fmedia&parent=5349"}],"curies":[{"name":"wp","href":"https:\/\/api.w.org\/{rel}","templated":true}]}}