{"id":767,"date":"2011-07-26T08:01:50","date_gmt":"2011-07-26T08:01:50","guid":{"rendered":"http:\/\/preview.ait-themes.com\/compound\/wp\/?page_id=767"},"modified":"2013-12-06T23:21:10","modified_gmt":"2013-12-06T23:21:10","slug":"google-maps","status":"publish","type":"page","link":"https:\/\/vistalindahotel.com.br\/novosite2\/?page_id=767","title":{"rendered":"Como Chegar?"},"content":{"rendered":"<div id='layer_slider_1' class='avia-layerslider main_color avia-shadow  avia-builder-el-0  el_before_av_textblock  avia-builder-el-first  container_wrap sidebar_right' style='  height: 151px;' ><\/div><div id='after_layer_slider_1' class='main_color av_default_container_wrap container_wrap sidebar_right' style=' '  ><div class='container' ><div class='template-page content  av-content-small alpha units'><div class='post-entry post-entry-type-page post-entry-767'><div class='entry-content-wrapper clearfix'>\n<section class=\"av_textblock_section \"  itemscope=\"itemscope\" itemtype=\"https:\/\/schema.org\/CreativeWork\" ><div class='avia_textblock  '   itemprop=\"text\" ><p>Via Dutra at\u00e9 sa\u00edda 317 sentido Rio de Janeiro &#8211; Itatiaia. Via Dutra at\u00e9 sa\u00edda 318 sentido S\u00e3o Paulo &#8211; Itatiaia. Seguir placas indicativas do Parque Nacional do Itatiaia (estrada bem sinalizada). Nossa estrada fica 100m antes da entrada do Parque Nacional, \u00e0 direita logo ap\u00f3s o CRI (\u00e1rea militar). H\u00e1 placas sinalizando nosso hotel. S\u00e3o aprox 3,5 km de estrada de terra com cascalho, sempre subindo. Nosso endere\u00e7o \u00e9 Estrada do Parque Nacional do Itatiaia, 50 &#8211; Itatiaia \/ RJ.<\/p>\n<p><strong>Coordenadas -22.448639,-44.58462.<\/strong><br \/>\nSe precisar de maiores informa\u00e7\u00f5es, entre em contato.<\/p>\n<p><iframe loading=\"lazy\" src=\"https:\/\/maps.google.com.br\/maps\/ms?msa=0&amp;msid=203948361275363539795.0004cba492c6834f68f99&amp;hl=pt-BR&amp;ie=UTF8&amp;ll=-22.451351,-44.584708&amp;spn=0,0&amp;t=h&amp;output=embed\" height=\"350\" width=\"650\" frameborder=\"0\" marginwidth=\"0\" marginheight=\"0\" scrolling=\"no\"><\/iframe><br \/>\n<small class=\"menu\">Visualizar <a style=\"color: #9d5525; text-align: left;\" href=\"https:\/\/maps.google.com.br\/maps\/ms?msa=0&amp;msid=203948361275363539795.0004cba492c6834f68f99&amp;hl=pt-BR&amp;ie=UTF8&amp;ll=-22.451351,-44.584708&amp;spn=0,0&amp;t=h&amp;source=embed\">Vista Linda hotel<\/a> em um mapa maior<\/small><\/p>\n<\/div><\/section>\n","protected":false},"excerpt":{"rendered":"","protected":false},"author":1,"featured_media":0,"parent":0,"menu_order":100,"comment_status":"closed","ping_status":"closed","template":"","meta":[],"_links":{"self":[{"href":"https:\/\/vistalindahotel.com.br\/novosite2\/index.php?rest_route=\/wp\/v2\/pages\/767"}],"collection":[{"href":"https:\/\/vistalindahotel.com.br\/novosite2\/index.php?rest_route=\/wp\/v2\/pages"}],"about":[{"href":"https:\/\/vistalindahotel.com.br\/novosite2\/index.php?rest_route=\/wp\/v2\/types\/page"}],"author":[{"embeddable":true,"href":"https:\/\/vistalindahotel.com.br\/novosite2\/index.php?rest_route=\/wp\/v2\/users\/1"}],"replies":[{"embeddable":true,"href":"https:\/\/vistalindahotel.com.br\/novosite2\/index.php?rest_route=%2Fwp%2Fv2%2Fcomments&post=767"}],"version-history":[{"count":10,"href":"https:\/\/vistalindahotel.com.br\/novosite2\/index.php?rest_route=\/wp\/v2\/pages\/767\/revisions"}],"predecessor-version":[{"id":5207,"href":"https:\/\/vistalindahotel.com.br\/novosite2\/index.php?rest_route=\/wp\/v2\/pages\/767\/revisions\/5207"}],"wp:attachment":[{"href":"https:\/\/vistalindahotel.com.br\/novosite2\/index.php?rest_route=%2Fwp%2Fv2%2Fmedia&parent=767"}],"curies":[{"name":"wp","href":"https:\/\/api.w.org\/{rel}","templated":true}]}}